{"id":1924,"date":"2025-06-03T23:26:10","date_gmt":"2025-06-03T21:26:10","guid":{"rendered":"https:\/\/kiloelectronics.com\/?page_id=1924"},"modified":"2026-01-10T15:34:22","modified_gmt":"2026-01-10T14:34:22","slug":"information-zur-batterieruckgabe","status":"publish","type":"page","link":"https:\/\/kiloelectronics.com\/en\/information-zur-batterieruckgabe\/","title":{"rendered":"Battery Disposal Information"},"content":{"rendered":"<section>\n<h2>Information zur Batterier\u00fcckgabe<\/h2>\n<p>Im Zusammenhang mit dem Verkauf von Batterien oder der Lieferung von Ger\u00e4ten, die Batterien enthalten, sind wir gesetzlich verpflichtet,<br \/>\nSie auf Folgendes hinzuweisen:<\/p>\n<p>Als Endnutzer sind Sie verpflichtet, gebrauchte Batterien zur\u00fcckzugeben. Sie d\u00fcrfen Batterien nicht \u00fcber den Hausm\u00fcll entsorgen.<br \/>\nSie k\u00f6nnen Altbatterien, die wir als Neubatterien im Sortiment f\u00fchren oder gef\u00fchrt haben, unentgeltlich an unserer Versandadresse<br \/>\nzur\u00fcckgeben..<\/p>\n<p>Die auf den Batterien angebrachten Symbole haben folgende Bedeutungen:<\/p>\n<ul>\n<li><strong>Durchgestrichene M\u00fclltonne:<\/strong> Batterie darf nicht im Hausm\u00fcll entsorgt werden.<\/li>\n<li><strong>Pb<\/strong> = Batterie enth\u00e4lt mehr als 0,004 Masseprozent Blei<\/li>\n<li><strong>Cd<\/strong> = Batterie enth\u00e4lt mehr als 0,002 Masseprozent Cadmium<\/li>\n<li><strong>Hg<\/strong> = Batterie enth\u00e4lt mehr als 0,0005 Masseprozent Quecksilber<\/li>\n<\/ul>\n<p>Bitte beachten Sie diese Hinweise und leisten Sie Ihren Beitrag zu einem verantwortungsvollen Umgang mit wertvollen Ressourcen.<\/p>\n<p><strong>WEEE-Reg.-Nr.:<\/strong> DE 41091531<br \/>\n<strong>BattG-Reg.-Nr.:<\/strong> DE 17271861<\/p>\n<\/section>\n","protected":false},"excerpt":{"rendered":"<p>Information zur Batterier\u00fcckgabe Im Zusammenhang mit dem Verkauf von Batterien oder der Lieferung von Ger\u00e4ten, die Batterien enthalten, sind wir<\/p>\n","protected":false},"author":2,"featured_media":0,"parent":0,"menu_order":0,"comment_status":"closed","ping_status":"closed","template":"content-page.php","meta":{"_acf_changed":false,"footnotes":""},"class_list":["post-1924","page","type-page","status-publish","hentry"],"acf":[],"jetpack_sharing_enabled":true,"_links":{"self":[{"href":"https:\/\/kiloelectronics.com\/en\/wp-json\/wp\/v2\/pages\/1924","targetHints":{"allow":["GET"]}}],"collection":[{"href":"https:\/\/kiloelectronics.com\/en\/wp-json\/wp\/v2\/pages"}],"about":[{"href":"https:\/\/kiloelectronics.com\/en\/wp-json\/wp\/v2\/types\/page"}],"author":[{"embeddable":true,"href":"https:\/\/kiloelectronics.com\/en\/wp-json\/wp\/v2\/users\/2"}],"replies":[{"embeddable":true,"href":"https:\/\/kiloelectronics.com\/en\/wp-json\/wp\/v2\/comments?post=1924"}],"version-history":[{"count":1,"href":"https:\/\/kiloelectronics.com\/en\/wp-json\/wp\/v2\/pages\/1924\/revisions"}],"predecessor-version":[{"id":11545,"href":"https:\/\/kiloelectronics.com\/en\/wp-json\/wp\/v2\/pages\/1924\/revisions\/11545"}],"wp:attachment":[{"href":"https:\/\/kiloelectronics.com\/en\/wp-json\/wp\/v2\/media?parent=1924"}],"curies":[{"name":"wp","href":"https:\/\/api.w.org\/{rel}","templated":true}]}}